{"id":6833,"date":"2022-01-14T16:09:06","date_gmt":"2022-01-14T08:09:06","guid":{"rendered":"http:\/\/www.centroculturalecinese.com\/?page_id=6833"},"modified":"2022-01-14T16:13:46","modified_gmt":"2022-01-14T08:13:46","slug":"attivita-di-scambio-culturale-2","status":"publish","type":"page","link":"http:\/\/www.centroculturalecinese.com\/?page_id=6833&lang=it","title":{"rendered":"Attivit\u00e0 di scambio culturale"},"content":{"rendered":"<p><!--StartFragment--><\/p>\n\n\n<h2 class=\"wp-block-heading\">L&#8217;obiettivo del Centro<\/h2>\n\n\n\n<p>Il Centro Culturale Cinese \u00e8 stato fondato nel 2017 inglobando la <strong>Scuola Longjia <\/strong>e collaborando con l\u2019Associazione <strong>Shoulashou \u2013 Diamocilamano<\/strong>\u00a0i cui rispettivi obiettivi sono l\u2019insegnamento della lingua cinese e italiana e l&#8217;organizzazione di eventi e manifestazioni.<\/p>\n\n\n\n<p>Il Centro svolge un ruolo fondamentale fungendo da \u201cponte\u201d tra i nostri due Paesi con l&#8217;obiettivo di integrare armonicamente le due popolazioni. Tale scopo \u00e8 raggiunto attraverso l\u2019organizzazione di iniziative culturali e sociali come spettacoli, forum, mostre tramite le quali \u00e8 possibile comprendere la bellezza di due culture cos\u00ec diverse tra loro ma cos\u00ec attratte l&#8217;una dall&#8217;altra.<\/p>\n\n\n\n<figure class=\"wp-block-image size-large\"><img loading=\"lazy\" decoding=\"async\" width=\"1024\" height=\"768\" src=\"http:\/\/www.centroculturalecinese.com\/wp-content\/uploads\/2021\/12\/80232659_2638020289577996_6582739702762176512_n-1024x768.jpg\" alt=\"\" class=\"wp-image-6766\" srcset=\"http:\/\/www.centroculturalecinese.com\/wp-content\/uploads\/2021\/12\/80232659_2638020289577996_6582739702762176512_n-1024x768.jpg 1024w, http:\/\/www.centroculturalecinese.com\/wp-content\/uploads\/2021\/12\/80232659_2638020289577996_6582739702762176512_n-300x225.jpg 300w, http:\/\/www.centroculturalecinese.com\/wp-content\/uploads\/2021\/12\/80232659_2638020289577996_6582739702762176512_n-768x576.jpg 768w, http:\/\/www.centroculturalecinese.com\/wp-content\/uploads\/2021\/12\/80232659_2638020289577996_6582739702762176512_n-820x615.jpg 820w, http:\/\/www.centroculturalecinese.com\/wp-content\/uploads\/2021\/12\/80232659_2638020289577996_6582739702762176512_n.jpg 1439w\" sizes=\"(max-width: 1024px) 100vw, 1024px\" \/><\/figure>\n\n\n\n<figure class=\"wp-block-image size-large\"><img loading=\"lazy\" decoding=\"async\" width=\"1024\" height=\"768\" src=\"http:\/\/www.centroculturalecinese.com\/wp-content\/uploads\/2021\/12\/52300404_2117444201635610_6819950621966204928_n-1024x768.jpg\" alt=\"\" class=\"wp-image-6767\" srcset=\"http:\/\/www.centroculturalecinese.com\/wp-content\/uploads\/2021\/12\/52300404_2117444201635610_6819950621966204928_n-1024x768.jpg 1024w, http:\/\/www.centroculturalecinese.com\/wp-content\/uploads\/2021\/12\/52300404_2117444201635610_6819950621966204928_n-300x225.jpg 300w, http:\/\/www.centroculturalecinese.com\/wp-content\/uploads\/2021\/12\/52300404_2117444201635610_6819950621966204928_n-768x576.jpg 768w, http:\/\/www.centroculturalecinese.com\/wp-content\/uploads\/2021\/12\/52300404_2117444201635610_6819950621966204928_n-820x615.jpg 820w, http:\/\/www.centroculturalecinese.com\/wp-content\/uploads\/2021\/12\/52300404_2117444201635610_6819950621966204928_n.jpg 1080w\" sizes=\"(max-width: 1024px) 100vw, 1024px\" \/><\/figure>\n\n\n\n<figure class=\"wp-block-image size-large\"><img loading=\"lazy\" decoding=\"async\" width=\"1024\" height=\"768\" src=\"http:\/\/www.centroculturalecinese.com\/wp-content\/uploads\/2021\/12\/45360638_1972953292751369_2183139581728129024_n-1024x768.jpg\" alt=\"\" class=\"wp-image-6768\" srcset=\"http:\/\/www.centroculturalecinese.com\/wp-content\/uploads\/2021\/12\/45360638_1972953292751369_2183139581728129024_n-1024x768.jpg 1024w, http:\/\/www.centroculturalecinese.com\/wp-content\/uploads\/2021\/12\/45360638_1972953292751369_2183139581728129024_n-300x225.jpg 300w, http:\/\/www.centroculturalecinese.com\/wp-content\/uploads\/2021\/12\/45360638_1972953292751369_2183139581728129024_n-768x576.jpg 768w, http:\/\/www.centroculturalecinese.com\/wp-content\/uploads\/2021\/12\/45360638_1972953292751369_2183139581728129024_n-820x615.jpg 820w, http:\/\/www.centroculturalecinese.com\/wp-content\/uploads\/2021\/12\/45360638_1972953292751369_2183139581728129024_n.jpg 1080w\" sizes=\"(max-width: 1024px) 100vw, 1024px\" \/><\/figure>\n\n\n\n<figure class=\"wp-block-image size-large\"><img loading=\"lazy\" decoding=\"async\" width=\"1024\" height=\"1024\" src=\"http:\/\/www.centroculturalecinese.com\/wp-content\/uploads\/2021\/12\/30706490_1718284628218238_2588292677212569600_n-1024x1024.jpg\" alt=\"\" class=\"wp-image-6774\" srcset=\"http:\/\/www.centroculturalecinese.com\/wp-content\/uploads\/2021\/12\/30706490_1718284628218238_2588292677212569600_n-1024x1024.jpg 1024w, http:\/\/www.centroculturalecinese.com\/wp-content\/uploads\/2021\/12\/30706490_1718284628218238_2588292677212569600_n-300x300.jpg 300w, http:\/\/www.centroculturalecinese.com\/wp-content\/uploads\/2021\/12\/30706490_1718284628218238_2588292677212569600_n-150x150.jpg 150w, http:\/\/www.centroculturalecinese.com\/wp-content\/uploads\/2021\/12\/30706490_1718284628218238_2588292677212569600_n-768x768.jpg 768w, http:\/\/www.centroculturalecinese.com\/wp-content\/uploads\/2021\/12\/30706490_1718284628218238_2588292677212569600_n-820x820.jpg 820w, http:\/\/www.centroculturalecinese.com\/wp-content\/uploads\/2021\/12\/30706490_1718284628218238_2588292677212569600_n.jpg 1080w\" sizes=\"(max-width: 1024px) 100vw, 1024px\" \/><\/figure>\n\n\n\n<figure class=\"wp-block-image size-large\"><img loading=\"lazy\" decoding=\"async\" width=\"1024\" height=\"1022\" src=\"http:\/\/www.centroculturalecinese.com\/wp-content\/uploads\/2021\/12\/28827935_1675489365831098_1241490450696520095_o-1024x1022.jpg\" alt=\"\" class=\"wp-image-6773\" srcset=\"http:\/\/www.centroculturalecinese.com\/wp-content\/uploads\/2021\/12\/28827935_1675489365831098_1241490450696520095_o-1024x1022.jpg 1024w, http:\/\/www.centroculturalecinese.com\/wp-content\/uploads\/2021\/12\/28827935_1675489365831098_1241490450696520095_o-300x300.jpg 300w, http:\/\/www.centroculturalecinese.com\/wp-content\/uploads\/2021\/12\/28827935_1675489365831098_1241490450696520095_o-150x150.jpg 150w, http:\/\/www.centroculturalecinese.com\/wp-content\/uploads\/2021\/12\/28827935_1675489365831098_1241490450696520095_o-768x767.jpg 768w, http:\/\/www.centroculturalecinese.com\/wp-content\/uploads\/2021\/12\/28827935_1675489365831098_1241490450696520095_o-820x818.jpg 820w, http:\/\/www.centroculturalecinese.com\/wp-content\/uploads\/2021\/12\/28827935_1675489365831098_1241490450696520095_o.jpg 1080w\" sizes=\"(max-width: 1024px) 100vw, 1024px\" \/><\/figure>\n\n\n\n<figure class=\"wp-block-image size-large\"><img loading=\"lazy\" decoding=\"async\" width=\"960\" height=\"720\" src=\"http:\/\/www.centroculturalecinese.com\/wp-content\/uploads\/2021\/12\/28471361_1670891522957549_4747186624417206924_n.jpg\" alt=\"\" class=\"wp-image-6776\" srcset=\"http:\/\/www.centroculturalecinese.com\/wp-content\/uploads\/2021\/12\/28471361_1670891522957549_4747186624417206924_n.jpg 960w, http:\/\/www.centroculturalecinese.com\/wp-content\/uploads\/2021\/12\/28471361_1670891522957549_4747186624417206924_n-300x225.jpg 300w, http:\/\/www.centroculturalecinese.com\/wp-content\/uploads\/2021\/12\/28471361_1670891522957549_4747186624417206924_n-768x576.jpg 768w, http:\/\/www.centroculturalecinese.com\/wp-content\/uploads\/2021\/12\/28471361_1670891522957549_4747186624417206924_n-820x615.jpg 820w\" sizes=\"(max-width: 960px) 100vw, 960px\" \/><\/figure>\n\n\n<p><!--EndFragment--><\/p>","protected":false},"excerpt":{"rendered":"<p>L&#8217;obiettivo del Centro Il Centro Culturale Cinese [&hellip;]<\/p>\n","protected":false},"author":8,"featured_media":0,"parent":0,"menu_order":0,"comment_status":"closed","ping_status":"closed","template":"","meta":{"footnotes":""},"_links":{"self":[{"href":"http:\/\/www.centroculturalecinese.com\/index.php?rest_route=\/wp\/v2\/pages\/6833"}],"collection":[{"href":"http:\/\/www.centroculturalecinese.com\/index.php?rest_route=\/wp\/v2\/pages"}],"about":[{"href":"http:\/\/www.centroculturalecinese.com\/index.php?rest_route=\/wp\/v2\/types\/page"}],"author":[{"embeddable":true,"href":"http:\/\/www.centroculturalecinese.com\/index.php?rest_route=\/wp\/v2\/users\/8"}],"replies":[{"embeddable":true,"href":"http:\/\/www.centroculturalecinese.com\/index.php?rest_route=%2Fwp%2Fv2%2Fcomments&post=6833"}],"version-history":[{"count":4,"href":"http:\/\/www.centroculturalecinese.com\/index.php?rest_route=\/wp\/v2\/pages\/6833\/revisions"}],"predecessor-version":[{"id":6837,"href":"http:\/\/www.centroculturalecinese.com\/index.php?rest_route=\/wp\/v2\/pages\/6833\/revisions\/6837"}],"wp:attachment":[{"href":"http:\/\/www.centroculturalecinese.com\/index.php?rest_route=%2Fwp%2Fv2%2Fmedia&parent=6833"}],"curies":[{"name":"wp","href":"https:\/\/api.w.org\/{rel}","templated":true}]}}