{"id":6931,"date":"2022-01-18T22:25:24","date_gmt":"2022-01-18T14:25:24","guid":{"rendered":"http:\/\/www.centroculturalecinese.com\/?page_id=6931"},"modified":"2022-03-18T18:43:37","modified_gmt":"2022-03-18T10:43:37","slug":"studiare-in-cina","status":"publish","type":"page","link":"http:\/\/www.centroculturalecinese.com\/?page_id=6931&lang=it","title":{"rendered":"Studiare in Cina"},"content":{"rendered":"\n<div class=\"wp-block-image\"><figure class=\"aligncenter size-large is-resized\"><img loading=\"lazy\" decoding=\"async\" src=\"http:\/\/www.centroculturalecinese.com\/wp-content\/uploads\/2019\/03\/\u5fae\u4fe1\u56fe\u7247_20190320193832-1024x768.jpg\" alt=\"\" class=\"wp-image-5569\" width=\"489\" height=\"367\" srcset=\"http:\/\/www.centroculturalecinese.com\/wp-content\/uploads\/2019\/03\/\u5fae\u4fe1\u56fe\u7247_20190320193832-1024x768.jpg 1024w, http:\/\/www.centroculturalecinese.com\/wp-content\/uploads\/2019\/03\/\u5fae\u4fe1\u56fe\u7247_20190320193832-300x225.jpg 300w, http:\/\/www.centroculturalecinese.com\/wp-content\/uploads\/2019\/03\/\u5fae\u4fe1\u56fe\u7247_20190320193832-768x576.jpg 768w, http:\/\/www.centroculturalecinese.com\/wp-content\/uploads\/2019\/03\/\u5fae\u4fe1\u56fe\u7247_20190320193832-50x38.jpg 50w, http:\/\/www.centroculturalecinese.com\/wp-content\/uploads\/2019\/03\/\u5fae\u4fe1\u56fe\u7247_20190320193832-820x615.jpg 820w, http:\/\/www.centroculturalecinese.com\/wp-content\/uploads\/2019\/03\/\u5fae\u4fe1\u56fe\u7247_20190320193832.jpg 1080w\" sizes=\"(max-width: 489px) 100vw, 489px\" \/><\/figure><\/div>\n\n\n\n<p>Grazie al supporto delle universit\u00e0 partner, il Centro mira ad aumentare le opportunit\u00e0 di viaggi studio e le esperienze formative all&#8217;estero, anche finanziate da borse di studio governative o regionali.<\/p>\n\n\n\n<p>I viaggi studio sono una fantastica occasione per immergerti quotidianamente nella cultura locale!<br>&nbsp;<br>Se vuoi seguire un corso o iscriverti all&#8217;universit\u00e0, ti aiuteremo ad organizzare il pacchetto pi\u00f9 adatto per te. La Cina \u00e8 un mondo tutto da esplorare e non potrai far a meno di amarla! <\/p>\n\n\n\n<h2 class=\"wp-block-heading\"><strong>Universit\u00e0 cinesi<\/strong><\/h2>\n\n\n\n<div class=\"wp-block-image\"><figure class=\"aligncenter size-large is-resized\"><img loading=\"lazy\" decoding=\"async\" src=\"http:\/\/www.centroculturalecinese.com\/wp-content\/uploads\/2019\/03\/\u5fae\u4fe1\u56fe\u7247_20190320193819-1024x768.jpg\" alt=\"\" class=\"wp-image-5566\" width=\"511\" height=\"383\" srcset=\"http:\/\/www.centroculturalecinese.com\/wp-content\/uploads\/2019\/03\/\u5fae\u4fe1\u56fe\u7247_20190320193819-1024x768.jpg 1024w, http:\/\/www.centroculturalecinese.com\/wp-content\/uploads\/2019\/03\/\u5fae\u4fe1\u56fe\u7247_20190320193819-300x225.jpg 300w, http:\/\/www.centroculturalecinese.com\/wp-content\/uploads\/2019\/03\/\u5fae\u4fe1\u56fe\u7247_20190320193819-768x576.jpg 768w, http:\/\/www.centroculturalecinese.com\/wp-content\/uploads\/2019\/03\/\u5fae\u4fe1\u56fe\u7247_20190320193819-50x38.jpg 50w, http:\/\/www.centroculturalecinese.com\/wp-content\/uploads\/2019\/03\/\u5fae\u4fe1\u56fe\u7247_20190320193819-820x615.jpg 820w, http:\/\/www.centroculturalecinese.com\/wp-content\/uploads\/2019\/03\/\u5fae\u4fe1\u56fe\u7247_20190320193819.jpg 1080w\" sizes=\"(max-width: 511px) 100vw, 511px\" \/><\/figure><\/div>\n\n\n\n<ul><li>Beijing Language and Culture University \u5317\u4eac\u8bed\u8a00\u5927\u5b66<\/li><li>Zhengzhou University \u90d1\u5dde\u5927\u5b66\u00a0<\/li><li>Zhengzhou University of Light Industry ZZULI \u90d1\u5dde\u8f7b\u5de5\u4e1a\u5927\u5b66<\/li><li>Henan University \u6cb3\u5357\u5927\u5b66\u00a0<\/li><li>Henan Polytechnic University \u6cb3\u5357\u7406\u5de5\u5927\u5b66\u00a0<\/li><li>Henan University of Traditional Chinese Medicine \u6cb3\u5357\u4e2d\u533b\u836f\u5927\u5b66\u00a0<\/li><li>Henan Agricultural University \u6cb3\u5357\u519c\u4e1a\u5927\u5b66 <\/li><li>Henan University of Technology \u6cb3\u5357\u5de5\u4e1a\u5927\u5b66 <\/li><li>Hebei University \u6cb3\u5317\u5927\u5b66\u00a0<\/li><li>Zhongyuan University of Technology \u4e2d\u539f\u5de5\u5b66\u9662\u00a0<\/li><li>Pingdingshan University \u5e73\u9876\u5c71\u5b66\u9662\u00a0<\/li><li>Qinghai University \u9752\u6d77\u5927\u5b66\u00a0<\/li><\/ul>\n\n\n\n<div class=\"wp-block-image\"><figure class=\"aligncenter size-large is-resized\"><img loading=\"lazy\" decoding=\"async\" src=\"http:\/\/www.centroculturalecinese.com\/wp-content\/uploads\/2019\/03\/\u5fae\u4fe1\u56fe\u7247_20190320193837-1024x768.jpg\" alt=\"\" class=\"wp-image-5570\" width=\"489\" height=\"367\" srcset=\"http:\/\/www.centroculturalecinese.com\/wp-content\/uploads\/2019\/03\/\u5fae\u4fe1\u56fe\u7247_20190320193837-1024x768.jpg 1024w, http:\/\/www.centroculturalecinese.com\/wp-content\/uploads\/2019\/03\/\u5fae\u4fe1\u56fe\u7247_20190320193837-300x225.jpg 300w, http:\/\/www.centroculturalecinese.com\/wp-content\/uploads\/2019\/03\/\u5fae\u4fe1\u56fe\u7247_20190320193837-768x576.jpg 768w, http:\/\/www.centroculturalecinese.com\/wp-content\/uploads\/2019\/03\/\u5fae\u4fe1\u56fe\u7247_20190320193837-50x38.jpg 50w, http:\/\/www.centroculturalecinese.com\/wp-content\/uploads\/2019\/03\/\u5fae\u4fe1\u56fe\u7247_20190320193837-820x615.jpg 820w, http:\/\/www.centroculturalecinese.com\/wp-content\/uploads\/2019\/03\/\u5fae\u4fe1\u56fe\u7247_20190320193837.jpg 1080w\" sizes=\"(max-width: 489px) 100vw, 489px\" \/><\/figure><\/div>\n\n\n\n<p><\/p>\n","protected":false},"excerpt":{"rendered":"<p>Grazie al supporto delle universit\u00e0 partner, il Centro  [&hellip;]<\/p>\n","protected":false},"author":8,"featured_media":0,"parent":0,"menu_order":0,"comment_status":"closed","ping_status":"closed","template":"","meta":{"footnotes":""},"_links":{"self":[{"href":"http:\/\/www.centroculturalecinese.com\/index.php?rest_route=\/wp\/v2\/pages\/6931"}],"collection":[{"href":"http:\/\/www.centroculturalecinese.com\/index.php?rest_route=\/wp\/v2\/pages"}],"about":[{"href":"http:\/\/www.centroculturalecinese.com\/index.php?rest_route=\/wp\/v2\/types\/page"}],"author":[{"embeddable":true,"href":"http:\/\/www.centroculturalecinese.com\/index.php?rest_route=\/wp\/v2\/users\/8"}],"replies":[{"embeddable":true,"href":"http:\/\/www.centroculturalecinese.com\/index.php?rest_route=%2Fwp%2Fv2%2Fcomments&post=6931"}],"version-history":[{"count":13,"href":"http:\/\/www.centroculturalecinese.com\/index.php?rest_route=\/wp\/v2\/pages\/6931\/revisions"}],"predecessor-version":[{"id":7125,"href":"http:\/\/www.centroculturalecinese.com\/index.php?rest_route=\/wp\/v2\/pages\/6931\/revisions\/7125"}],"wp:attachment":[{"href":"http:\/\/www.centroculturalecinese.com\/index.php?rest_route=%2Fwp%2Fv2%2Fmedia&parent=6931"}],"curies":[{"name":"wp","href":"https:\/\/api.w.org\/{rel}","templated":true}]}}