{"id":6947,"date":"2022-01-19T15:35:52","date_gmt":"2022-01-19T07:35:52","guid":{"rendered":"http:\/\/www.centroculturalecinese.com\/?page_id=6947"},"modified":"2022-01-19T21:52:44","modified_gmt":"2022-01-19T13:52:44","slug":"viaggi-studio","status":"publish","type":"page","link":"http:\/\/www.centroculturalecinese.com\/?page_id=6947&lang=it","title":{"rendered":"Viaggi studio"},"content":{"rendered":"\n<p><strong>Centro Culturale Cinese<\/strong>: un ponte tra il Bel Paese e il Paese del Celeste Impero.<\/p>\n\n\n\n<figure class=\"wp-block-image size-large\"><img loading=\"lazy\" decoding=\"async\" width=\"1024\" height=\"507\" src=\"http:\/\/www.centroculturalecinese.com\/wp-content\/uploads\/2022\/01\/\u5fae\u4fe1\u56fe\u7247_20220119145102-1024x507.jpg\" alt=\"\" class=\"wp-image-6994\" srcset=\"http:\/\/www.centroculturalecinese.com\/wp-content\/uploads\/2022\/01\/\u5fae\u4fe1\u56fe\u7247_20220119145102-1024x507.jpg 1024w, http:\/\/www.centroculturalecinese.com\/wp-content\/uploads\/2022\/01\/\u5fae\u4fe1\u56fe\u7247_20220119145102-300x148.jpg 300w, http:\/\/www.centroculturalecinese.com\/wp-content\/uploads\/2022\/01\/\u5fae\u4fe1\u56fe\u7247_20220119145102-768x380.jpg 768w, http:\/\/www.centroculturalecinese.com\/wp-content\/uploads\/2022\/01\/\u5fae\u4fe1\u56fe\u7247_20220119145102-1536x760.jpg 1536w, http:\/\/www.centroculturalecinese.com\/wp-content\/uploads\/2022\/01\/\u5fae\u4fe1\u56fe\u7247_20220119145102-2048x1013.jpg 2048w, http:\/\/www.centroculturalecinese.com\/wp-content\/uploads\/2022\/01\/\u5fae\u4fe1\u56fe\u7247_20220119145102-820x406.jpg 820w\" sizes=\"(max-width: 1024px) 100vw, 1024px\" \/><\/figure>\n\n\n\n<p>Il Centro ha una ricca esperienza nella cooperazione internazionale e organizza una variet\u00e0 infinita di corsi per soddisfare il pi\u00f9 possibile le richieste degli studenti. <\/p>\n\n\n\n<p>Ha firmato collaborazioni con diverse istituzioni italiane e cinesi ma intende estendere la partnership ad altre ed innalzare sempre pi\u00f9 il livello di qualit\u00e0 dei propri servizi al fine di organizzare:<\/p>\n\n\n\n<ol><li>attivit\u00e0 di stage e tirocini (curricolari ed extracurricolari) presso le aziende convenzionate, stabiliti da atti e\/o accordi ad hoc, sottoscritti con gli enti interessati;<\/li><li><em>joint degrees<\/em>&nbsp;offrendo percorsi formativi internazionali definiti e organizzati in collaborazione con una o pi\u00f9 istituzioni cinesi. Tali percorsi prevedono un sostanziale periodo di frequenza nella sede cinese che segue o precede un periodo di studio presso l&#8217;Universit\u00e0. A conclusione del percorso formativo internazionale, lo studente conseguir\u00e0 un titolo congiunto a seconda di quanto previsto dalle diverse normative nazionali e dagli accordi con le istituzioni cinesi partner;<\/li><li><em>Articulation agreements<\/em>, ovvero accordi tra universit\u00e0 che abbiano facolt\u00e0 attigue e che riconoscano agli studenti i crediti maturati presso l&#8217;una e l&#8217;altra universit\u00e0 al fine di avvallare percorsi formativi di studio in Cina in modalit\u00e0 2+1 o in Italia in modalit\u00e0 2+2 o 3+1;<\/li><li><em>Master class<\/em>, ossia lezioni con un&#8217;importante valenza pratica, impartite da esperti del settore tramite una didattica che trasferisce non solo il sapere e le conoscenze ma anche le esperienze.<\/li><\/ol>\n\n\n<p><!--EndFragment--><\/p>\n\n\n<p><\/p>\n","protected":false},"excerpt":{"rendered":"<p>Centro Culturale Cinese: un ponte tra il Bel Paese e il [&hellip;]<\/p>\n","protected":false},"author":8,"featured_media":0,"parent":0,"menu_order":0,"comment_status":"closed","ping_status":"closed","template":"","meta":{"footnotes":""},"_links":{"self":[{"href":"http:\/\/www.centroculturalecinese.com\/index.php?rest_route=\/wp\/v2\/pages\/6947"}],"collection":[{"href":"http:\/\/www.centroculturalecinese.com\/index.php?rest_route=\/wp\/v2\/pages"}],"about":[{"href":"http:\/\/www.centroculturalecinese.com\/index.php?rest_route=\/wp\/v2\/types\/page"}],"author":[{"embeddable":true,"href":"http:\/\/www.centroculturalecinese.com\/index.php?rest_route=\/wp\/v2\/users\/8"}],"replies":[{"embeddable":true,"href":"http:\/\/www.centroculturalecinese.com\/index.php?rest_route=%2Fwp%2Fv2%2Fcomments&post=6947"}],"version-history":[{"count":8,"href":"http:\/\/www.centroculturalecinese.com\/index.php?rest_route=\/wp\/v2\/pages\/6947\/revisions"}],"predecessor-version":[{"id":6995,"href":"http:\/\/www.centroculturalecinese.com\/index.php?rest_route=\/wp\/v2\/pages\/6947\/revisions\/6995"}],"wp:attachment":[{"href":"http:\/\/www.centroculturalecinese.com\/index.php?rest_route=%2Fwp%2Fv2%2Fmedia&parent=6947"}],"curies":[{"name":"wp","href":"https:\/\/api.w.org\/{rel}","templated":true}]}}